{"id":160,"date":"2019-09-27T16:58:06","date_gmt":"2019-09-27T14:58:06","guid":{"rendered":"http:\/\/web.cenaffif.nat.tn\/?page_id=160"},"modified":"2020-07-20T11:36:53","modified_gmt":"2020-07-20T09:36:53","slug":"politique-qualite-2","status":"publish","type":"page","link":"http:\/\/cenaffif.nat.tn\/index.php\/politique-qualite-2\/","title":{"rendered":"Politique Qualit\u00e9"},"content":{"rendered":"<p><\/p>\n<header class=\"entry-header\">\n<h3 class=\"entry-title\" style=\"text-align: center;\"><span style=\"color: #3366ff;\"><strong>Politique qualit\u00e9 et engagement <\/strong><\/span><\/h3>\n<h3 class=\"entry-title\" style=\"text-align: center;\"><span style=\"color: #3366ff;\"><strong>de la Direction G\u00e9n\u00e9rale<\/strong><\/span><\/h3>\n<\/header>\n<p>Dans l\u2019accomplissement de ses missions, le CENAFFIF ne cesse de d\u00e9velopper ses ores de services dans son domaine de\u00a0pr\u00e9dilection de fa\u00e7on innovante, performante et sur mesure. Ainsi et ce depuis sa cr\u00e9ation en 1993, il occupe la place de\u00a0leader dans la conception, l\u2019\u00e9laboration, l\u2019implantation des programmes de formation et le perfectionnement des acteurs\u00a0de formation.<\/p>\n<p>Le CENAFFIF s\u2019est engag\u00e9 depuis 2016 dans une d\u00e9marche de Syst\u00e8me de Management de la Qualit\u00e9 r\u00e9pondant aux\u00a0exigences du r\u00e9f\u00e9rentiel ISO 9001 version 2015 et aux exigences normatives et r\u00e9glementaires en vigueur r\u00e9gissant ses\u00a0activit\u00e9s.\u00a0En menant \u00e0 bien plusieurs actions s\u00e9antes, le CENAFFIF vise \u00e0 remporter tous ces d\u00e9s et \u00e0 mettre en place une strat\u00e9gie\u00a0d\u2019am\u00e9lioration continuelle.<\/p>\n<p>Sa politique qualit\u00e9 s\u2019articule autour des axes strat\u00e9giques suivants :<\/p>\n<ul>\n<li>D\u00e9velopper une ing\u00e9nierie de formation innovante et r\u00e9pondant aux besoins des individus, des entreprises et des r\u00e9gions<\/li>\n<li>Adopter des nouvelles approches et des pratiques modernes dans le d\u00e9veloppement des comp\u00e9tences des acteurs de la<\/li>\n<li>formation (personnel p\u00e9dagogique, d\u2019encadrement et d\u2019appui)<\/li>\n<li>D\u00e9velopper l\u2019innovation en formation professionnelle<\/li>\n<li>Rayonner aux niveaux national et international en diversiant l\u2019ore de service<\/li>\n<li>Am\u00e9liorer la satisfaction des clients et des parties int\u00e9ress\u00e9es<\/li>\n<li>D\u00e9velopper une dimension manag\u00e9riale pour plus d\u2019efficience et de r\u00e9activit\u00e9 an de mieux r\u00e9pondre aux attentes des clients<\/li>\n<li>Transformer le CENAFFIF en institution d\u2019experts<\/li>\n<\/ul>\n<p>La d\u00e9marche qualit\u00e9 est un travail collectif o\u00f9 l\u2019apport de chacun est primordial, ainsi l\u2019implication de tout le personnel dans\u00a0le Syst\u00e8me de Management de la Qualit\u00e9 et la coordination entre toutes les parties int\u00e9ress\u00e9es pertinentes permettront\u00a0d\u2019assurer la plus-value de ce Syst\u00e8me pour le d\u00e9veloppement continu du CENAFFIF.<\/p>\n<p>&nbsp;<\/p>\n<p>&nbsp;<\/p>\n<p>&nbsp;<\/p>\n<p><img loading=\"lazy\" class=\" wp-image-165 aligncenter\" src=\"http:\/\/web.cenaffif.nat.tn\/wp-content\/uploads\/2019\/09\/polqualite-1-211x300.jpg\" alt=\"\" width=\"537\" height=\"764\" srcset=\"http:\/\/cenaffif.nat.tn\/wp-content\/uploads\/2019\/09\/polqualite-1-211x300.jpg 211w, http:\/\/cenaffif.nat.tn\/wp-content\/uploads\/2019\/09\/polqualite-1-768x1091.jpg 768w, http:\/\/cenaffif.nat.tn\/wp-content\/uploads\/2019\/09\/polqualite-1-721x1024.jpg 721w\" sizes=\"(max-width: 537px) 100vw, 537px\" \/><\/p>","protected":false},"excerpt":{"rendered":"<p>Politique qualit\u00e9 et engagement de la Direction G\u00e9n\u00e9rale Dans l\u2019accomplissement de ses missions, le CENAFFIF ne cesse de d\u00e9velopper ses&hellip;<\/p>\n","protected":false},"author":1,"featured_media":164,"parent":0,"menu_order":0,"comment_status":"closed","ping_status":"closed","template":"","meta":[],"_links":{"self":[{"href":"http:\/\/cenaffif.nat.tn\/index.php\/wp-json\/wp\/v2\/pages\/160"}],"collection":[{"href":"http:\/\/cenaffif.nat.tn\/index.php\/wp-json\/wp\/v2\/pages"}],"about":[{"href":"http:\/\/cenaffif.nat.tn\/index.php\/wp-json\/wp\/v2\/types\/page"}],"author":[{"embeddable":true,"href":"http:\/\/cenaffif.nat.tn\/index.php\/wp-json\/wp\/v2\/users\/1"}],"replies":[{"embeddable":true,"href":"http:\/\/cenaffif.nat.tn\/index.php\/wp-json\/wp\/v2\/comments?post=160"}],"version-history":[{"count":3,"href":"http:\/\/cenaffif.nat.tn\/index.php\/wp-json\/wp\/v2\/pages\/160\/revisions"}],"predecessor-version":[{"id":253,"href":"http:\/\/cenaffif.nat.tn\/index.php\/wp-json\/wp\/v2\/pages\/160\/revisions\/253"}],"wp:featuredmedia":[{"embeddable":true,"href":"http:\/\/cenaffif.nat.tn\/index.php\/wp-json\/wp\/v2\/media\/164"}],"wp:attachment":[{"href":"http:\/\/cenaffif.nat.tn\/index.php\/wp-json\/wp\/v2\/media?parent=160"}],"curies":[{"name":"wp","href":"https:\/\/api.w.org\/{rel}","templated":true}]}}