{"id":2,"date":"2019-08-07T12:38:25","date_gmt":"2019-08-07T10:38:25","guid":{"rendered":"http:\/\/41.231.36.251\/?page_id=2"},"modified":"2020-07-20T11:33:57","modified_gmt":"2020-07-20T09:33:57","slug":"page-d-exemple","status":"publish","type":"page","link":"http:\/\/cenaffif.nat.tn\/index.php\/page-d-exemple\/","title":{"rendered":"liens utiles"},"content":{"rendered":"<p>Ceci est une page d\u2019exemple. C\u2019est diff\u00e9rent d\u2019un article de blog parce qu\u2019elle restera au m\u00eame endroit et appara\u00eetra dans la navigation de votre site (dans la plupart des th\u00e8mes). La plupart des gens commencent par une page \u00ab\u00a0\u00c0 propos\u00a0\u00bb qui les pr\u00e9sente aux visiteurs du site. Cela pourrait ressembler \u00e0 quelque chose comme cela\u00a0:<\/p>\r\n\r\n\r\n\r\n<h3><span style=\"color: #3366ff;\">Sites Tunisiens<\/span><\/h3>\r\n\r\n\r\n\r\n<h4><span style=\"color: #99cc00;\">Sites Minist\u00e9riels<\/span><\/h4>\r\n\r\n\r\n\r\n<ul>\r\n<li><a href=\"http:\/\/www.ministeres.tn\/\">Site web du Gouvernement tunisien<\/a><\/li>\r\n<li><a href=\"http:\/\/www.emploi.gov.tn\/fr\/formation-professionnelle\/\">Minist\u00e8re\u00a0\u00a0de la formation professionnelle et de l\u2019emploi<\/a><\/li>\r\n<li><a href=\"http:\/\/www.universites.tn\/\">Minist\u00e8re de l\u2019enseignement sup\u00e9rieur<\/a><\/li>\r\n<li><a href=\"http:\/\/www.infocom.tn\/\">Minist\u00e8re des technologies de la communication<\/a><\/li>\r\n<li><a href=\"http:\/\/www.culture.tn\/\">Minist\u00e8re de la culture et de la sauvgarde du patrimoine<\/a><\/li>\r\n<li><a href=\"http:\/\/www.femmes.tn\/fr\/index.php\">Minist\u00e8re des affaires de la femme, de la famille, de l\u2019enfance et des personnes ag\u00e9es<\/a><\/li>\r\n<li><a href=\"http:\/\/www.ijtimaia.tn\/\">Minist\u00e9re des affaires sociales et de la solidarit\u00e9 et des tunisiens \u00e0 l\u2019\u00e9tranger<\/a><\/li>\r\n<\/ul>\r\n\r\n\r\n\r\n<h4><span style=\"color: #99cc00;\">Autres sites<\/span><\/h4>\r\n\r\n\r\n\r\n<ul>\r\n<li><a href=\"http:\/\/www.emploi.nat.tn\/fo\/Fr\/global.php\">L\u2019Agence Nationale pour l\u2019Emploi et le Travail Ind\u00e9pendant<\/a><\/li>\r\n<li><a href=\"http:\/\/www.avfa.agrinet.tn\/\">Agence de la Vulgarisation et de la Formation Agricoles<\/a><\/li>\r\n<li><a href=\"http:\/\/www.ins.nat.tn\/\">Institut National de la Statistique<\/a><\/li>\r\n<li><a href=\"http:\/\/www.cnrps.nat.tn\/\">Caisse Nationale de Retaraite et de Pr\u00e9voyance Sociale<\/a><\/li>\r\n<li><a href=\"http:\/\/www.cnss.nat.tn\/\">Caisse Nationale de S\u00e9curit\u00e9 Sociale<\/a><\/li>\r\n<li><a href=\"http:\/\/www.bts.com\/\">Banque Tunisienne de solidarit\u00e9<\/a><\/li>\r\n<li><a href=\"http:\/\/www.bfpme.com.tn\/\">Banque de financement des petites et moyennes entreprises<\/a><\/li>\r\n<li><a href=\"http:\/\/www.atij.org.tn\/\">Association Tunisienne d\u2019aide \u00e0 l\u2019Insertion des Jeunes<\/a><\/li>\r\n<li><a href=\"http:\/\/www.investintunisia.com\/\">Investissement Ext\u00e9rieur<\/a><\/li>\r\n<li><a href=\"http:\/\/www.tunisie.com\/\">Donn\u00e9es g\u00e9n\u00e9rales sur la Tunisie (fran\u00e7ais)<\/a><\/li>\r\n<li><a href=\"http:\/\/www.infotunisie.com\/\">Actualit\u00e9s tunisiennes et m\u00e9dias<\/a><\/li>\r\n<li><a href=\"http:\/\/www.ati.tn\/\">Agence Tunisienne de l\u2019Internet<\/a><\/li>\r\n<\/ul>\r\n\r\n\r\n\r\n<h3><span style=\"color: #3366ff;\"><strong>Sites \u00e9trangers sur l\u2019emploi<\/strong><\/span><\/h3>\r\n\r\n\r\n\r\n<h4><span style=\"color: #99cc00;\">Sites Minist\u00e9riels<\/span><\/h4>\r\n\r\n\r\n\r\n<ul>\r\n<li><a href=\"http:\/\/www.travail.gouv.fr\/\">Le minist\u00e8re de l\u2019emploi, de la coh\u00e9sion sociale et du logement fran\u00e7ais<\/a><\/li>\r\n<li><a href=\"http:\/\/www.mess.gouv.qc.ca\/\">Le minist\u00e8re de l\u2019emploi et de la solidarit\u00e9 sociale au Qu\u00e9bec<\/a><\/li>\r\n<li><a href=\"http:\/\/www.dol.gov\/\">U.S Department of Labor<\/a><\/li>\r\n<li><a href=\"http:\/\/www.bls.gov\/\">Bureau of Labor Statistics<\/a><\/li>\r\n<li><a href=\"http:\/\/www.mhlw.go.jp\/\">Japanese Ministry of Health, Labour and Welfare<\/a><\/li>\r\n<li><a href=\"http:\/\/www.stat.go.jp\/\">statistics bureau of japan<\/a><\/li>\r\n<li><a href=\"http:\/\/www.delni.gov.uk\/\">U.K department for employment and lerning<\/a><\/li>\r\n<li><a href=\"http:\/\/www.welfare.gov.it\/\">Ministero del lavoro e delle politiche sociali italiano<\/a><\/li>\r\n<li><a href=\"http:\/\/www.mtas.es\/\">Espana.ministerio de trabajo y asuntos sociales<\/a><\/li>\r\n<\/ul>\r\n\r\n\r\n\r\n<h4><span style=\"color: #99cc00;\">Autres sites<\/span><\/h4>\r\n\r\n\r\n\r\n<ul>\r\n<li><a href=\"http:\/\/www.ilo.org\/\">Organisation internationale du travail<\/a><\/li>\r\n<li><a href=\"http:\/\/www.solidarity-fund.org\/\">Fonds mondial de Solidarit\u00e9<\/a><\/li>\r\n<\/ul>\r\n\r\n\r\n\r\n<h3><span style=\"color: #3366ff;\">Sites de placement en ligne<\/span><\/h3>\r\n\r\n\r\n\r\n<ul>\r\n<li><a href=\"http:\/\/www.cadremploi.fr\/\">Cadremploi<\/a><\/li>\r\n<li><a href=\"http:\/\/www.carriereonline.com\/\">CarriereOnline<\/a><\/li>\r\n<li><a href=\"http:\/\/www.chr-link.com\/\">Chr-link<\/a><\/li>\r\n<li><a href=\"http:\/\/www.erecrut.com\/\">Erecrut<\/a><\/li>\r\n<li><a href=\"http:\/\/www.handiplace.org\/\">Handiplace<\/a><\/li>\r\n<li><a href=\"http:\/\/www.jobfinance.fr\/\">Jobfinance<\/a><\/li>\r\n<li><a href=\"http:\/\/www.jobtech.fr\/\">Jobtech<\/a><\/li>\r\n<li><a href=\"http:\/\/www.lerucher.com\/\">Lerucher<\/a><\/li>\r\n<li><a href=\"http:\/\/www.lve.fr\/\">Les Villages Emploi<\/a><\/li>\r\n<li><a href=\"http:\/\/www.lesjeudis.com\/\">Les jeudis<\/a><\/li>\r\n<li><a href=\"http:\/\/www.manpower.fr\/\">Manpower<\/a><\/li>\r\n<li><a href=\"http:\/\/www.monster.fr\/\">Monster<\/a><\/li>\r\n<li><a href=\"http:\/\/www.officiel-interim.com\/\">Regionsjob<\/a><\/li>\r\n<li><a href=\"http:\/\/www.itproselection.com\/\">Itproselection<\/a><\/li>\r\n<li><a href=\"http:\/\/www.optioncarriere.com\/\">Optioncarriere<\/a><\/li>\r\n<li><a href=\"https:\/\/www.jobbydoo.fr\/\" target=\"_blank\" rel=\"noreferrer noopener\">Jobbydoo<\/a><\/li>\r\n<\/ul>\r\n\r\n\r\n\r\n<p>&nbsp;<\/p>","protected":false},"excerpt":{"rendered":"<p>Ceci est une page d\u2019exemple. C\u2019est diff\u00e9rent d\u2019un article de blog parce qu\u2019elle restera au m\u00eame endroit et appara\u00eetra dans&hellip;<\/p>\n","protected":false},"author":1,"featured_media":0,"parent":0,"menu_order":0,"comment_status":"closed","ping_status":"open","template":"","meta":[],"_links":{"self":[{"href":"http:\/\/cenaffif.nat.tn\/index.php\/wp-json\/wp\/v2\/pages\/2"}],"collection":[{"href":"http:\/\/cenaffif.nat.tn\/index.php\/wp-json\/wp\/v2\/pages"}],"about":[{"href":"http:\/\/cenaffif.nat.tn\/index.php\/wp-json\/wp\/v2\/types\/page"}],"author":[{"embeddable":true,"href":"http:\/\/cenaffif.nat.tn\/index.php\/wp-json\/wp\/v2\/users\/1"}],"replies":[{"embeddable":true,"href":"http:\/\/cenaffif.nat.tn\/index.php\/wp-json\/wp\/v2\/comments?post=2"}],"version-history":[{"count":3,"href":"http:\/\/cenaffif.nat.tn\/index.php\/wp-json\/wp\/v2\/pages\/2\/revisions"}],"predecessor-version":[{"id":247,"href":"http:\/\/cenaffif.nat.tn\/index.php\/wp-json\/wp\/v2\/pages\/2\/revisions\/247"}],"wp:attachment":[{"href":"http:\/\/cenaffif.nat.tn\/index.php\/wp-json\/wp\/v2\/media?parent=2"}],"curies":[{"name":"wp","href":"https:\/\/api.w.org\/{rel}","templated":true}]}}