{"id":38,"date":"2019-08-08T11:49:05","date_gmt":"2019-08-08T09:49:05","guid":{"rendered":"http:\/\/41.231.36.251\/?page_id=38"},"modified":"2019-08-08T11:49:05","modified_gmt":"2019-08-08T09:49:05","slug":"faq","status":"publish","type":"page","link":"http:\/\/cenaffif.nat.tn\/index.php\/faq\/","title":{"rendered":"FAQ ?"},"content":{"rendered":"\n<ol><li><a href=\"http:\/\/www.cenaffif.nat.tn\/faq\/#qe-faq-582\"><br>comment peut-on se procurer les programmes de formation \u00e9labor\u00e9s par le CENAFFIF ?<\/a><\/li><li><a href=\"http:\/\/www.cenaffif.nat.tn\/faq\/#qe-faq-580\">Est-ce-que les formations au CENAFFIF sont certifiantes ?<\/a><\/li><li><a href=\"http:\/\/www.cenaffif.nat.tn\/faq\/#qe-faq-579\">Quel est le prix des formations au CENAFFIF ?<\/a><\/li><li><a href=\"http:\/\/www.cenaffif.nat.tn\/faq\/#qe-faq-577\">Je suis un particulier et je voudrais suivre une formation au CENAFFIF, quelles sont les proc\u00e9dures \u00e0 suivre ?<\/a><\/li><\/ol>\n\n\n\n<h4>&nbsp;comment peut-on se procurer les programmes de formation \u00e9labor\u00e9s par le CENAFFIF ?<\/h4>\n\n\n\n<p><strong>La diffusion des programmes de formation est r\u00e9alis\u00e9e conform\u00e9ment au processus suivant&nbsp;et ce en prenant en consid\u00e9ration le type de demandeur de programme :<\/strong><\/p>\n\n\n\n<p><strong>Etablissement public&nbsp;:&nbsp;<\/strong><\/p>\n\n\n\n<p><strong>En ce qui concerne l\u2019Agence tunisienne de Formation Professionnelle, la diffusion se fait automatiquement \u00e0 l\u2019\u00e9laboration et la validation finale de chaque programme qui est automatiquement diffus\u00e9 aupr\u00e8s de&nbsp;l\u2019ATFP.<\/strong><strong>Pour les autres op\u00e9rateurs ou partenaires (AVFA- ONTT \u2013Minist\u00e8res intervenant dans le domaine de la formation, la diffusion est effectu\u00e9e sur la base d\u2019une demande d\u00e9pos\u00e9e aupr\u00e8s de la direction g\u00e9n\u00e9rale du CENAFFIF pour approbation. &nbsp;<\/strong><\/p>\n\n\n\n<p><strong>Demandeur priv\u00e9&nbsp;:&nbsp;<\/strong><\/p>\n\n\n\n<p><strong>Elle est effectu\u00e9e en se basant sur une demande d\u00e9pos\u00e9e aupr\u00e8s de la direction g\u00e9n\u00e9rale du CENAFFIF (\u0627\u0644\u0625\u0634\u0631\u0627\u0641 \u0627\u0644\u0645\u0632\u062f\u0648\u062c \u0639\u0644\u0649 \u0627\u0644\u062a\u0643\u0648\u064a\u0646) qui doit \u00eatre approuv\u00e9e par le responsable de cette derni\u00e8re, ensuite il envoi cette approbation au CENAFFIF qui \u00e0 son tour envoi le programme par courrier \u00e9lectronique \u00e0 la personne ou \u00e0 l\u2019organisme priv\u00e9 int\u00e9ress\u00e9.<\/strong><\/p>\n\n\n\n<p><strong>Toute demande parvenue directement au CENAFFIF sera redirig\u00e9e vers&nbsp;la direction g\u00e9n\u00e9rale (\u0627\u0644\u0625\u0634\u0631\u0627\u0641 \u0627\u0644\u0645\u0632\u062f\u0648\u062c \u0639\u0644\u0649 \u0627\u0644\u062a\u0643\u0648\u064a\u0646) pour approbation.<\/strong><a href=\"http:\/\/www.cenaffif.nat.tn\/faq\/#qe-faqs-index\">&nbsp;Back to Index<\/a><\/p>\n\n\n\n<h4>&nbsp;Est-ce-que les formations au CENAFFIF sont certifiantes ?<\/h4>\n\n\n\n<p><strong>A la fin de chaque session de formation Le CENAFFIF d\u00e9livre une attestation de participation ou de r\u00e9ussite mais pas de dipl\u00f4me.<\/strong><a href=\"http:\/\/www.cenaffif.nat.tn\/faq\/#qe-faqs-index\">&nbsp;Back to Index<\/a><\/p>\n\n\n\n<h4>&nbsp;Quel est le prix des formations au CENAFFIF ?<\/h4>\n\n\n\n<p><strong>C\u2019est un traitement au cas par cas, cela d\u00e9pend de la demande, du plan de formation, du public et de la dur\u00e9e de la formation.<\/strong><a href=\"http:\/\/www.cenaffif.nat.tn\/faq\/#qe-faqs-index\">&nbsp;Back to Index<\/a><\/p>\n\n\n\n<h4>&nbsp;Je suis un particulier et je voudrais suivre une formation au CENAFFIF, quelles sont les proc\u00e9dures \u00e0 suivre ?<\/h4>\n\n\n\n<p><strong>Le CENAFFIF offre ses services au profit des op\u00e9rateurs \u00e9tatiques et priv\u00e9s et non au profit des particuliers.<\/strong><\/p>\n\n\n\n<p><\/p>\n","protected":false},"excerpt":{"rendered":"<p>comment peut-on se procurer les programmes de formation \u00e9labor\u00e9s par le CENAFFIF ? Est-ce-que les formations au CENAFFIF sont certifiantes&hellip;<\/p>\n","protected":false},"author":1,"featured_media":0,"parent":0,"menu_order":0,"comment_status":"closed","ping_status":"closed","template":"","meta":[],"_links":{"self":[{"href":"http:\/\/cenaffif.nat.tn\/index.php\/wp-json\/wp\/v2\/pages\/38"}],"collection":[{"href":"http:\/\/cenaffif.nat.tn\/index.php\/wp-json\/wp\/v2\/pages"}],"about":[{"href":"http:\/\/cenaffif.nat.tn\/index.php\/wp-json\/wp\/v2\/types\/page"}],"author":[{"embeddable":true,"href":"http:\/\/cenaffif.nat.tn\/index.php\/wp-json\/wp\/v2\/users\/1"}],"replies":[{"embeddable":true,"href":"http:\/\/cenaffif.nat.tn\/index.php\/wp-json\/wp\/v2\/comments?post=38"}],"version-history":[{"count":1,"href":"http:\/\/cenaffif.nat.tn\/index.php\/wp-json\/wp\/v2\/pages\/38\/revisions"}],"predecessor-version":[{"id":40,"href":"http:\/\/cenaffif.nat.tn\/index.php\/wp-json\/wp\/v2\/pages\/38\/revisions\/40"}],"wp:attachment":[{"href":"http:\/\/cenaffif.nat.tn\/index.php\/wp-json\/wp\/v2\/media?parent=38"}],"curies":[{"name":"wp","href":"https:\/\/api.w.org\/{rel}","templated":true}]}}